{"id":1559,"date":"2017-09-13T20:52:30","date_gmt":"2017-09-13T18:52:30","guid":{"rendered":"http:\/\/athleticfittraining.ca\/?page_id=1559\/"},"modified":"2021-12-09T16:48:26","modified_gmt":"2021-12-09T15:48:26","slug":"contact-en","status":"publish","type":"page","link":"https:\/\/athleticfittraining.ca\/en\/contact-en\/","title":{"rendered":"Contact (en)"},"content":{"rendered":"<div id='av_section_1'  class='avia-section av-av_section-1c6c2555841528b1825f9cc1964bd443 main_color avia-section-large avia-no-border-styling  avia-builder-el-0  el_before_av_section  avia-builder-el-first  avia-bg-style-scroll container_wrap sidebar_right'  ><div class='container av-section-cont-open' ><main  role=\"main\" itemprop=\"mainContentOfPage\"  class='template-page content  av-content-small alpha units'><div class='post-entry post-entry-type-page post-entry-1559'><div class='entry-content-wrapper clearfix'>\n\n<style type=\"text\/css\" data-created_by=\"avia_inline_auto\" id=\"style-css-av-av_heading-b2bf75257f787f0cfbd5fac53f969816\">\n#top .av-special-heading.av-av_heading-b2bf75257f787f0cfbd5fac53f969816{\npadding-bottom:30px;\nfont-size:70px;\n}\nbody .av-special-heading.av-av_heading-b2bf75257f787f0cfbd5fac53f969816 .av-special-heading-tag .heading-char{\nfont-size:25px;\n}\n#top #wrap_all .av-special-heading.av-av_heading-b2bf75257f787f0cfbd5fac53f969816 .av-special-heading-tag{\nfont-size:70px;\n}\n.av-special-heading.av-av_heading-b2bf75257f787f0cfbd5fac53f969816 .av-subheading{\nfont-size:15px;\n}\n\n@media only screen and (min-width: 480px) and (max-width: 767px){ \n#top #wrap_all .av-special-heading.av-av_heading-b2bf75257f787f0cfbd5fac53f969816 .av-special-heading-tag{\nfont-size:0.8em;\n}\n}\n\n@media only screen and (max-width: 479px){ \n#top #wrap_all .av-special-heading.av-av_heading-b2bf75257f787f0cfbd5fac53f969816 .av-special-heading-tag{\nfont-size:0.8em;\n}\n}\n<\/style>\n<div  class='av-special-heading av-av_heading-b2bf75257f787f0cfbd5fac53f969816 av-special-heading-h1 blockquote modern-quote  avia-builder-el-1  el_before_av_one_half  avia-builder-el-first  av-thin-font av-inherit-size'><h1 class='av-special-heading-tag'  itemprop=\"headline\"  >Contact<strong>.<\/strong><\/h1><div class=\"special-heading-border\"><div class=\"special-heading-inner-border\"><\/div><\/div><\/div>\n\n<style type=\"text\/css\" data-created_by=\"avia_inline_auto\" id=\"style-css-av-av_one_half-6126cab7d8fab8d08143dd2dacdf673c\">\n.flex_column.av-av_one_half-6126cab7d8fab8d08143dd2dacdf673c{\nborder-radius:0px 0px 0px 0px;\npadding:0px 0px 0px 0px;\n}\n<\/style>\n<div  class='flex_column av-av_one_half-6126cab7d8fab8d08143dd2dacdf673c av_one_half  avia-builder-el-2  el_after_av_heading  el_before_av_one_fourth  first flex_column_div av-zero-column-padding  '     ><section  class='av_textblock_section av-av_textblock-0366cc7376be6c9e82a3e9cc8987b64f '   itemscope=\"itemscope\" itemtype=\"https:\/\/schema.org\/CreativeWork\" ><div class='avia_textblock'  itemprop=\"text\" ><p>Do not hesitate to contact me for more informations about my different services or my rates as well. I will call you contact you as soon as I can. See you at the gym soon!<\/p>\n<\/div><\/section><\/div>\n<style type=\"text\/css\" data-created_by=\"avia_inline_auto\" id=\"style-css-av-av_one_fourth-0aa7055fe62c3622faec82866afbaeb2\">\n.flex_column.av-av_one_fourth-0aa7055fe62c3622faec82866afbaeb2{\nborder-radius:0px 0px 0px 0px;\npadding:0px 0px 0px 0px;\n}\n<\/style>\n<div  class='flex_column av-av_one_fourth-0aa7055fe62c3622faec82866afbaeb2 av_one_fourth  avia-builder-el-4  el_after_av_one_half  el_before_av_one_fourth  flex_column_div av-zero-column-padding  '     ><section  class='av_textblock_section av-av_textblock-0366cc7376be6c9e82a3e9cc8987b64f '   itemscope=\"itemscope\" itemtype=\"https:\/\/schema.org\/CreativeWork\" ><div class='avia_textblock'  itemprop=\"text\" ><p><strong>Main address:<\/strong><br \/>\n3575 Du Parc avenue<br \/>\nMontreal, Qc, Canada<\/p>\n<p>(514) 570-6236<br \/>\n<a href=\"mailto:office@enfold-gym.com\">athfit@outlook.com<\/a><\/p>\n<\/div><\/section><\/div>\n<style type=\"text\/css\" data-created_by=\"avia_inline_auto\" id=\"style-css-av-av_one_fourth-0aa7055fe62c3622faec82866afbaeb2\">\n.flex_column.av-av_one_fourth-0aa7055fe62c3622faec82866afbaeb2{\nborder-radius:0px 0px 0px 0px;\npadding:0px 0px 0px 0px;\n}\n<\/style>\n<div  class='flex_column av-av_one_fourth-0aa7055fe62c3622faec82866afbaeb2 av_one_fourth  avia-builder-el-6  el_after_av_one_fourth  avia-builder-el-last  flex_column_div av-zero-column-padding  '     ><section  class='av_textblock_section av-av_textblock-0366cc7376be6c9e82a3e9cc8987b64f '   itemscope=\"itemscope\" itemtype=\"https:\/\/schema.org\/CreativeWork\" ><div class='avia_textblock'  itemprop=\"text\" ><p><strong>In action from:<\/strong><br \/>\nMonday-friday: 7:30am to 7pm<br \/>\nWeekend: Possibility<\/p>\n<\/div><\/section><\/div><\/div><\/div><\/main><!-- close content main element --><\/div><\/div>\n<style type=\"text\/css\" data-created_by=\"avia_inline_auto\" id=\"style-css-av-av_section-ce0bd83744edbd431c3e0c0de4264ed6\">\n.avia-section.av-av_section-ce0bd83744edbd431c3e0c0de4264ed6{\nbackground-repeat:no-repeat;\nbackground-image:url(https:\/\/athleticfittraining.ca\/wp-content\/uploads\/2016\/05\/philo-1.jpg);\nbackground-position:50% 50%;\nbackground-attachment:fixed;\n}\n.avia-section.av-av_section-ce0bd83744edbd431c3e0c0de4264ed6 .av-section-color-overlay{\nopacity:0.8;\nbackground-color:#000000;\n}\n<\/style>\n<div id='av_section_2'  class='avia-section av-av_section-ce0bd83744edbd431c3e0c0de4264ed6 alternate_color avia-section-huge avia-no-border-styling  avia-builder-el-8  el_after_av_section  el_before_av_section  avia-bg-style-fixed av-section-color-overlay-active container_wrap sidebar_right'  data-section-bg-repeat='no-repeat'><div class=\"av-section-color-overlay-wrap\"><div class=\"av-section-color-overlay\"><\/div><div class='container av-section-cont-open' ><div class='template-page content  av-content-small alpha units'><div class='post-entry post-entry-type-page post-entry-1559'><div class='entry-content-wrapper clearfix'>\n\n<style type=\"text\/css\" data-created_by=\"avia_inline_auto\" id=\"style-css-av-av_three_fifth-b18ec1635791c30194c2fc90ea77ba9c\">\n.flex_column.av-av_three_fifth-b18ec1635791c30194c2fc90ea77ba9c{\nborder-radius:0px 0px 0px 0px;\npadding:0px 0px 0px 0px;\n}\n<\/style>\n<div  class='flex_column av-av_three_fifth-b18ec1635791c30194c2fc90ea77ba9c av_three_fifth  avia-builder-el-9  avia-builder-el-no-sibling  first flex_column_div av-zero-column-padding  '     ><p>\n<style type=\"text\/css\" data-created_by=\"avia_inline_auto\" id=\"style-css-av-av_heading-b86e91dfeaf38ae565c63048e9df4cde\">\n#top .av-special-heading.av-av_heading-b86e91dfeaf38ae565c63048e9df4cde{\npadding-bottom:20px;\nfont-size:50px;\n}\nbody .av-special-heading.av-av_heading-b86e91dfeaf38ae565c63048e9df4cde .av-special-heading-tag .heading-char{\nfont-size:25px;\n}\n#top #wrap_all .av-special-heading.av-av_heading-b86e91dfeaf38ae565c63048e9df4cde .av-special-heading-tag{\nfont-size:50px;\n}\n.av-special-heading.av-av_heading-b86e91dfeaf38ae565c63048e9df4cde .av-subheading{\nfont-size:15px;\n}\n\n@media only screen and (min-width: 480px) and (max-width: 767px){ \n#top #wrap_all .av-special-heading.av-av_heading-b86e91dfeaf38ae565c63048e9df4cde .av-special-heading-tag{\nfont-size:0.8em;\n}\n}\n\n@media only screen and (max-width: 479px){ \n#top #wrap_all .av-special-heading.av-av_heading-b86e91dfeaf38ae565c63048e9df4cde .av-special-heading-tag{\nfont-size:0.8em;\n}\n}\n<\/style>\n<div  class='av-special-heading av-av_heading-b86e91dfeaf38ae565c63048e9df4cde av-special-heading-h1 blockquote modern-quote modern-centered  avia-builder-el-10  el_before_av_contact  avia-builder-el-first  av-thin-font av-inherit-size'><h1 class='av-special-heading-tag'  itemprop=\"headline\"  >Contact me<strong>.<\/strong><\/h1><div class=\"special-heading-border\"><div class=\"special-heading-inner-border\"><\/div><\/div><\/div><br \/>\n<form action=\"https:\/\/athleticfittraining.ca\/en\/contact-en\/\" method=\"post\" data-fields-with-error=\"Found errors in the following field(s):\" class=\"avia_ajax_form av-form-labels-hidden   avia-builder-el-11  el_after_av_heading  avia-builder-el-last  av-custom-form-color av-light-form \" data-avia-form-id=\"1\" data-avia-redirect='' ><fieldset><p class='  first_form  form_element form_element_half' id='element_avia_1_1'><label for=\"avia_1_1\">Name <abbr class=\"required\" title=\"required\">*<\/abbr><\/label> <input name=\"avia_1_1\" class=\"text_input is_empty\" type=\"text\" id=\"avia_1_1\" value=\"\"  placeholder='Name*'\/><\/p><p class='  form_element form_element_half' id='element_avia_2_1'><label for=\"avia_2_1\">E-Mail <abbr class=\"required\" title=\"required\">*<\/abbr><\/label> <input name=\"avia_2_1\" class=\"text_input is_email\" type=\"text\" id=\"avia_2_1\" value=\"\"  placeholder='E-Mail*'\/><\/p><p class='  first_form  form_element form_fullwidth' id='element_avia_3_1'><label for=\"avia_3_1\">Subject <abbr class=\"required\" title=\"required\">*<\/abbr><\/label> <input name=\"avia_3_1\" class=\"text_input is_empty\" type=\"text\" id=\"avia_3_1\" value=\"\"  placeholder='Subject*'\/><\/p><p class='  first_form  form_element form_fullwidth av-last-visible-form-element' id='element_avia_4_1'><label for=\"avia_4_1\" class=\"textare_label hidden textare_label_avia_4_1\">Message <abbr class=\"required\" title=\"required\">*<\/abbr><\/label><textarea  placeholder='Message*' name=\"avia_4_1\" class=\"text_area is_empty\" cols=\"40\" rows=\"7\" id=\"avia_4_1\" ><\/textarea><\/p><p class=\"hidden\"><input type=\"text\" name=\"avia_5_1\" class=\"hidden \" id=\"avia_5_1\" value=\"\" \/><\/p><p class=\"form_element \"><input type=\"hidden\" value=\"1\" name=\"avia_generated_form1\" \/><input type=\"submit\" value=\"Envoyer\" class=\"button\"  data-sending-label=\"Sending\"\/><\/p><\/fieldset><\/form><div id=\"ajaxresponse_1\" class=\"ajaxresponse ajaxresponse_1 hidden\"><\/div><\/p><\/div>\n<\/p>\n<\/div><\/div><\/div><!-- close content main div --><\/div><\/div><\/div><div id='av_section_3'  class='avia-section av-av_section-43fa913dbbd7170bb5693496c11aa38b main_color avia-section-large avia-no-border-styling  avia-builder-el-12  el_after_av_section  avia-builder-el-last  avia-bg-style-scroll container_wrap sidebar_right'  ><div class='container av-section-cont-open' ><div class='template-page content  av-content-small alpha units'><div class='post-entry post-entry-type-page post-entry-1559'><div class='entry-content-wrapper clearfix'><\/div><\/div><\/div><!-- close content main div --><\/div><\/div><div id='after_section_3'  class='main_color av_default_container_wrap container_wrap sidebar_right'  ><div class='container av-section-cont-open' ><div class='template-page content  av-content-small alpha units'><div class='post-entry post-entry-type-page post-entry-1559'><div class='entry-content-wrapper clearfix'>\n","protected":false},"excerpt":{"rendered":"","protected":false},"author":2,"featured_media":0,"parent":0,"menu_order":0,"comment_status":"closed","ping_status":"closed","template":"","meta":{"footnotes":""},"class_list":["post-1559","page","type-page","status-publish","hentry"],"yoast_head":"<!-- This site is optimized with the Yoast SEO plugin v24.3 - https:\/\/yoast.com\/wordpress\/plugins\/seo\/ -->\n<title>Contact Athletic Fit training Montreal - D\u00e9veloppement athl\u00e9tique<\/title>\n<meta name=\"description\" content=\"Contactez-moi si vous cherchez \u00e0 d\u00e9velopper votre potentiel athl\u00e9tique pour de meilleures performances sportives. R\u00e9ponse dans un d\u00e9lai de 24h.\" \/>\n<meta name=\"robots\" content=\"index, follow, max-snippet:-1, max-image-preview:large, max-video-preview:-1\" \/>\n<link rel=\"canonical\" href=\"https:\/\/athleticfittraining.ca\/en\/contact-en\/\" \/>\n<meta property=\"og:locale\" content=\"en_US\" \/>\n<meta property=\"og:type\" content=\"article\" \/>\n<meta property=\"og:title\" content=\"Contact Athletic Fit training Montreal - D\u00e9veloppement athl\u00e9tique\" \/>\n<meta property=\"og:description\" content=\"Contactez-moi si vous cherchez \u00e0 d\u00e9velopper votre potentiel athl\u00e9tique pour de meilleures performances sportives. R\u00e9ponse dans un d\u00e9lai de 24h.\" \/>\n<meta property=\"og:url\" content=\"https:\/\/athleticfittraining.ca\/en\/contact-en\/\" \/>\n<meta property=\"og:site_name\" content=\"Athletic Fit Training\" \/>\n<meta property=\"article:modified_time\" content=\"2021-12-09T15:48:26+00:00\" \/>\n<meta name=\"twitter:card\" content=\"summary_large_image\" \/>\n<meta name=\"twitter:label1\" content=\"Est. reading time\" \/>\n\t<meta name=\"twitter:data1\" content=\"4 minutes\" \/>\n<script type=\"application\/ld+json\" class=\"yoast-schema-graph\">{\"@context\":\"https:\/\/schema.org\",\"@graph\":[{\"@type\":\"WebPage\",\"@id\":\"https:\/\/athleticfittraining.ca\/en\/contact-en\/\",\"url\":\"https:\/\/athleticfittraining.ca\/en\/contact-en\/\",\"name\":\"Contact Athletic Fit training Montreal - D\u00e9veloppement athl\u00e9tique\",\"isPartOf\":{\"@id\":\"https:\/\/athleticfittraining.ca\/#website\"},\"datePublished\":\"2017-09-13T18:52:30+00:00\",\"dateModified\":\"2021-12-09T15:48:26+00:00\",\"description\":\"Contactez-moi si vous cherchez \u00e0 d\u00e9velopper votre potentiel athl\u00e9tique pour de meilleures performances sportives. R\u00e9ponse dans un d\u00e9lai de 24h.\",\"breadcrumb\":{\"@id\":\"https:\/\/athleticfittraining.ca\/en\/contact-en\/#breadcrumb\"},\"inLanguage\":\"en-US\",\"potentialAction\":[{\"@type\":\"ReadAction\",\"target\":[\"https:\/\/athleticfittraining.ca\/en\/contact-en\/\"]}]},{\"@type\":\"BreadcrumbList\",\"@id\":\"https:\/\/athleticfittraining.ca\/en\/contact-en\/#breadcrumb\",\"itemListElement\":[{\"@type\":\"ListItem\",\"position\":1,\"name\":\"Accueil\",\"item\":\"https:\/\/athleticfittraining.ca\/accueil\/\"},{\"@type\":\"ListItem\",\"position\":2,\"name\":\"Contact (en)\"}]},{\"@type\":\"WebSite\",\"@id\":\"https:\/\/athleticfittraining.ca\/#website\",\"url\":\"https:\/\/athleticfittraining.ca\/\",\"name\":\"Athletic Fit Training\",\"description\":\"Oli Bernier\",\"potentialAction\":[{\"@type\":\"SearchAction\",\"target\":{\"@type\":\"EntryPoint\",\"urlTemplate\":\"https:\/\/athleticfittraining.ca\/?s={search_term_string}\"},\"query-input\":{\"@type\":\"PropertyValueSpecification\",\"valueRequired\":true,\"valueName\":\"search_term_string\"}}],\"inLanguage\":\"en-US\"}]}<\/script>\n<!-- \/ Yoast SEO plugin. -->","yoast_head_json":{"title":"Contact Athletic Fit training Montreal - D\u00e9veloppement athl\u00e9tique","description":"Contactez-moi si vous cherchez \u00e0 d\u00e9velopper votre potentiel athl\u00e9tique pour de meilleures performances sportives. R\u00e9ponse dans un d\u00e9lai de 24h.","robots":{"index":"index","follow":"follow","max-snippet":"max-snippet:-1","max-image-preview":"max-image-preview:large","max-video-preview":"max-video-preview:-1"},"canonical":"https:\/\/athleticfittraining.ca\/en\/contact-en\/","og_locale":"en_US","og_type":"article","og_title":"Contact Athletic Fit training Montreal - D\u00e9veloppement athl\u00e9tique","og_description":"Contactez-moi si vous cherchez \u00e0 d\u00e9velopper votre potentiel athl\u00e9tique pour de meilleures performances sportives. R\u00e9ponse dans un d\u00e9lai de 24h.","og_url":"https:\/\/athleticfittraining.ca\/en\/contact-en\/","og_site_name":"Athletic Fit Training","article_modified_time":"2021-12-09T15:48:26+00:00","twitter_card":"summary_large_image","twitter_misc":{"Est. reading time":"4 minutes"},"schema":{"@context":"https:\/\/schema.org","@graph":[{"@type":"WebPage","@id":"https:\/\/athleticfittraining.ca\/en\/contact-en\/","url":"https:\/\/athleticfittraining.ca\/en\/contact-en\/","name":"Contact Athletic Fit training Montreal - D\u00e9veloppement athl\u00e9tique","isPartOf":{"@id":"https:\/\/athleticfittraining.ca\/#website"},"datePublished":"2017-09-13T18:52:30+00:00","dateModified":"2021-12-09T15:48:26+00:00","description":"Contactez-moi si vous cherchez \u00e0 d\u00e9velopper votre potentiel athl\u00e9tique pour de meilleures performances sportives. R\u00e9ponse dans un d\u00e9lai de 24h.","breadcrumb":{"@id":"https:\/\/athleticfittraining.ca\/en\/contact-en\/#breadcrumb"},"inLanguage":"en-US","potentialAction":[{"@type":"ReadAction","target":["https:\/\/athleticfittraining.ca\/en\/contact-en\/"]}]},{"@type":"BreadcrumbList","@id":"https:\/\/athleticfittraining.ca\/en\/contact-en\/#breadcrumb","itemListElement":[{"@type":"ListItem","position":1,"name":"Accueil","item":"https:\/\/athleticfittraining.ca\/accueil\/"},{"@type":"ListItem","position":2,"name":"Contact (en)"}]},{"@type":"WebSite","@id":"https:\/\/athleticfittraining.ca\/#website","url":"https:\/\/athleticfittraining.ca\/","name":"Athletic Fit Training","description":"Oli Bernier","potentialAction":[{"@type":"SearchAction","target":{"@type":"EntryPoint","urlTemplate":"https:\/\/athleticfittraining.ca\/?s={search_term_string}"},"query-input":{"@type":"PropertyValueSpecification","valueRequired":true,"valueName":"search_term_string"}}],"inLanguage":"en-US"}]}},"_links":{"self":[{"href":"https:\/\/athleticfittraining.ca\/en\/wp-json\/wp\/v2\/pages\/1559","targetHints":{"allow":["GET"]}}],"collection":[{"href":"https:\/\/athleticfittraining.ca\/en\/wp-json\/wp\/v2\/pages"}],"about":[{"href":"https:\/\/athleticfittraining.ca\/en\/wp-json\/wp\/v2\/types\/page"}],"author":[{"embeddable":true,"href":"https:\/\/athleticfittraining.ca\/en\/wp-json\/wp\/v2\/users\/2"}],"replies":[{"embeddable":true,"href":"https:\/\/athleticfittraining.ca\/en\/wp-json\/wp\/v2\/comments?post=1559"}],"version-history":[{"count":6,"href":"https:\/\/athleticfittraining.ca\/en\/wp-json\/wp\/v2\/pages\/1559\/revisions"}],"predecessor-version":[{"id":1661,"href":"https:\/\/athleticfittraining.ca\/en\/wp-json\/wp\/v2\/pages\/1559\/revisions\/1661"}],"wp:attachment":[{"href":"https:\/\/athleticfittraining.ca\/en\/wp-json\/wp\/v2\/media?parent=1559"}],"curies":[{"name":"wp","href":"https:\/\/api.w.org\/{rel}","templated":true}]}}